{"id":982,"date":"2025-09-19T04:34:40","date_gmt":"2025-09-19T04:34:40","guid":{"rendered":"https:\/\/rits.mx\/?page_id=982"},"modified":"2025-09-26T19:47:13","modified_gmt":"2025-09-26T19:47:13","slug":"curriculo-mario-gonzalez-jimenez","status":"publish","type":"page","link":"https:\/\/rits.mx\/index.php\/curriculo-mario-gonzalez-jimenez\/","title":{"rendered":"Curr\u00edculo Mario Gonz\u00e1lez Jim\u00e9nez"},"content":{"rendered":"\t\t<div data-elementor-type=\"wp-page\" data-elementor-id=\"982\" class=\"elementor elementor-982\">\n\t\t\t\t\t\t<section class=\"elementor-section elementor-top-section elementor-element elementor-element-8c8b1cb elementor-section-boxed elementor-section-height-default elementor-section-height-default\" data-id=\"8c8b1cb\" data-element_type=\"section\" data-e-type=\"section\">\n\t\t\t\t\t\t<div class=\"elementor-container elementor-column-gap-default\">\n\t\t\t\t\t<div class=\"elementor-column elementor-col-100 elementor-top-column elementor-element elementor-element-cb5fb3f\" data-id=\"cb5fb3f\" data-element_type=\"column\" data-e-type=\"column\">\n\t\t\t<div class=\"elementor-widget-wrap elementor-element-populated\">\n\t\t\t\t\t\t<div class=\"elementor-element elementor-element-4a95cfe elementor-widget elementor-widget-heading\" data-id=\"4a95cfe\" data-element_type=\"widget\" data-e-type=\"widget\" data-widget_type=\"heading.default\">\n\t\t\t\t<div class=\"elementor-widget-container\">\n\t\t\t\t\t<h2 class=\"elementor-heading-title elementor-size-default\">Ing. Mario Gonz\u00e1lez Jim\u00e9nez<\/h2>\t\t\t\t<\/div>\n\t\t\t\t<\/div>\n\t\t\t\t\t<\/div>\n\t\t<\/div>\n\t\t\t\t\t<\/div>\n\t\t<\/section>\n\t\t\t\t<section class=\"elementor-section elementor-top-section elementor-element elementor-element-fc40038 elementor-section-boxed elementor-section-height-default elementor-section-height-default\" data-id=\"fc40038\" data-element_type=\"section\" data-e-type=\"section\">\n\t\t\t\t\t\t<div class=\"elementor-container elementor-column-gap-default\">\n\t\t\t\t\t<div class=\"elementor-column elementor-col-100 elementor-top-column elementor-element elementor-element-265da92\" data-id=\"265da92\" data-element_type=\"column\" data-e-type=\"column\">\n\t\t\t<div class=\"elementor-widget-wrap elementor-element-populated\">\n\t\t\t\t\t\t<div class=\"elementor-element elementor-element-726a562 elementor-widget elementor-widget-text-editor\" data-id=\"726a562\" data-element_type=\"widget\" data-e-type=\"widget\" data-widget_type=\"text-editor.default\">\n\t\t\t\t<div class=\"elementor-widget-container\">\n\t\t\t\t\t\t\t\t\t<p><strong>Lugar de nacimiento:<\/strong>&nbsp;CDMX, M\u00e9xico<br><strong>Correo electr\u00f3nico:<\/strong> <a href=\"mailto:mario.gonzalez@rits.mx\">mario.gonzalez@rits.mx<\/a><\/p>\n<h2><strong>Educaci\u00f3n<\/strong><\/h2>\n<ul>\n<li>Licenciatura en Ingenier\u00eda en Sistemas Computacionales en ITESM \u2013 CEM (1996 \u2013 2000), M\u00e9xico<\/li>\n<li>Maestr\u00eda en Administraci\u00f3n de Empresas en UNAM (2012-2015), M\u00e9xico<\/li>\n<li>Certificado en Ethical Hacker Versi\u00f3n 7. (ver \u00faltima p\u00e1gina para otros diplomas)<\/li>\n<\/ul>\n<div>&nbsp;<\/div>\n<h2><strong>\u00c1reas de Experiencia<\/strong><\/h2>\n<ul>\n<li><strong>Gesti\u00f3n de TI<\/strong><strong>: +15 a\u00f1os<\/strong><\/li>\n<li><strong>Desarrollo de Software<\/strong><strong>: +10 a\u00f1os<\/strong><\/li>\n<li><strong>Robots y procesos de automatizaci\u00f3n<\/strong><strong>: +10 a\u00f1os<\/strong><\/li>\n<li><strong>Programaci\u00f3n PLC\/HMI Siemens con TIA Portal 16 a 18<\/strong><\/li>\n<li><strong>Programaci\u00f3n PLC\/HMI Unitronics todas las versiones de Unilogic<\/strong><\/li>\n<li><strong>Configuraci\u00f3n y trayectoria de robots FANUC para manejo y pintura<\/strong><\/li>\n<li><strong>Configuraci\u00f3n y trayectoria de robots ABB para manejo y pintura<\/strong><\/li>\n<\/ul>\n<p><strong>&nbsp;<\/strong><\/p>\n<h2><strong>Experiencia Profesional<\/strong><\/h2>\n<p><strong>PRST SARL: Industria Automotriz y Aeroespacial<\/strong><br><strong>Puesto<\/strong>: Ingeniero de Software y Rob\u00f3tica, 2015 &#8211; Presente<br><strong>Ubicaci\u00f3n<\/strong>: 6 RUE, Denis Papin, Jouy Le Moutier, Francia<\/p>\n<p><strong>Descripci\u00f3n del Rol<\/strong>:<\/p>\n<ul>\n<li>Configuraci\u00f3n de software en PLC y pantallas HMI<\/li>\n<li>Automatizaci\u00f3n de procesos rob\u00f3ticos seg\u00fan los est\u00e1ndares del cliente<\/li>\n<li>Configuraci\u00f3n de dispositivos el\u00e9ctricos y neum\u00e1ticos y controles de flujo<\/li>\n<li>Interfaces de software sobre sistemas heredados<\/li>\n<li>Programaci\u00f3n de PLC con instrucciones de escalera<\/li>\n<li>Programaci\u00f3n de robots FANUC y ABB<\/li>\n<\/ul>\n<div>&nbsp;<\/div>\n<p><strong>Logros<\/strong>:<\/p>\n<ul>\n<li>Programaci\u00f3n y construcci\u00f3n de 4 celdas funcionales para el pegado de piezas a tiempo.<\/li>\n<li>Coordinaci\u00f3n y programaci\u00f3n de una soluci\u00f3n compleja de 8 robots con 7 PLC y HMI para controlar el proceso del cliente, reduciendo el costo de implementaci\u00f3n de 3 a 1 y brindando soporte en preguntas y capacitaci\u00f3n remota.<\/li>\n<li>Resoluci\u00f3n de problemas de interacci\u00f3n con sistemas chinos que entregan piezas sobre carros transportadores<\/li>\n<li>Personalizaci\u00f3n de un sistema franc\u00e9s para un proceso mexicano.<\/li>\n<\/ul>\n<div>&nbsp;<\/div>\n<p><strong>Proyectos Clave<\/strong>:<\/p>\n<ul>\n<li><strong>FORVIA San Luis Potos\u00ed, M\u00e9xico:<\/strong> L\u00ednea de pintura con 3 robots FANUC para manejo, flameado y pintura<\/li>\n<li><strong>FORVIA Legnica, Polonia:<\/strong> L\u00ednea de pintura con 1 robot FANUC, 6 bombas de engranajes y 1 robot FANUC de manejo<\/li>\n<li><strong>FORVIA Gorzow, Polonia:<\/strong> L\u00ednea de pintura con 8 robots FANUC y 7 PLC\/HMI, incluyendo robots con CO2, flameado, pintura, manejo y herramientas UV<\/li>\n<li><strong>FORVIA Francia:<\/strong> L\u00ednea de pintura escolar para probar nuevas pinturas<\/li>\n<li><strong>FORVIA Kosice, Eslovaquia:<\/strong> 7 celdas de pegado con robots ABB de pintura<\/li>\n<li><strong>FORVIA Goiana, Brasil:<\/strong> 2 celdas de pegado con robots ABB de pintura y caudal\u00edmetros Keyence<\/li>\n<li><strong>FORVIA Gorzow II, Polonia:<\/strong> Robots ABB de pegado con tecnolog\u00eda ITW<\/li>\n<li><strong>OP Mobility, B\u00e9lgica:<\/strong> Celda de recubrimiento protector y contra incendios con robot ABB adaptado con 2 pistolas de pulverizaci\u00f3n WIWA<\/li>\n<li><strong>OP Mobility, Corea del Sur:<\/strong> Celda de recubrimiento protector y contra incendios con robot ABB y m\u00e1quinas WIWA integradas con procesos de l\u00ednea<\/li>\n<li><strong>OP Mobility, Francia:<\/strong> Actualizaci\u00f3n de recubrimiento protector y contra incendios con sistemas de seguimiento y sistemas heredados<\/li>\n<\/ul><div><br><\/div>\n<p><strong>SEGUROS &amp; AFORE AZTECA: Servicios financieros (seguros y pensiones)<\/strong><br><strong>Puesto<\/strong>: Gerente de Infraestructura, Monitoreo y Operaciones (2013 \u2013 2015)<br><strong>Ubicaci\u00f3n<\/strong>: Tlalpan la Joya, M\u00e9xico<\/p>\n<p><strong>Descripci\u00f3n del Rol<\/strong>:<\/p>\n<ul>\n<li>Coordinaci\u00f3n y planificaci\u00f3n con un equipo de operaciones de 11 miembros. Integraci\u00f3n del proceso ITIL para las actividades diarias, con herramientas como ITOP y Nagios fusionadas para hacer informes autom\u00e1ticos de tickets y tener toda la gesti\u00f3n de configuraci\u00f3n y tickets de requisitos en una sola plataforma.<\/li>\n<\/ul>\n<div>&nbsp;<\/div>\n<p><strong>Logros<\/strong>:<\/p>\n<ul>\n<li>Ahorro de m\u00e1s de $300,000 d\u00f3lares en comparaci\u00f3n con la soluci\u00f3n Microsoft System Center con soluciones de implementaci\u00f3n de c\u00f3digo abierto<\/li>\n<li>Automatizaci\u00f3n de procesos desde el requisito hasta la soluci\u00f3n, ahorrando tiempo en informes a la alta direcci\u00f3n<\/li>\n<\/ul>\n<div>&nbsp;<\/div>\n<p><strong>Elektra: Retail<\/strong><br><strong>Puesto<\/strong>: Gerente de Proyectos de Sistemas (2008 \u2013 2013)<br><strong>Ubicaci\u00f3n<\/strong>: Tlalpan la Joya, M\u00e9xico<\/p>\n<p><strong>Descripci\u00f3n del Rol<\/strong>:<\/p>\n<ul>\n<li>Coordinaci\u00f3n y planificaci\u00f3n del tiempo de los desarrolladores.<\/li>\n<li>An\u00e1lisis de nuevos requisitos a trav\u00e9s de RUP (Rational Unified Process) y metodolog\u00eda UML.<\/li>\n<li>Dise\u00f1o de sistemas con tecnolog\u00edas de dise\u00f1o orientado a objetos y patrones.<\/li>\n<li>Supervisi\u00f3n y aplicaci\u00f3n de est\u00e1ndares en los diversos proyectos.<\/li>\n<\/ul>\n<div>&nbsp;<\/div>\n<p><strong>Logros<\/strong>:<\/p>\n<ul>\n<li>Implementaci\u00f3n del nuevo sistema de servicio (LPK) con caracter\u00edsticas como asignaciones autom\u00e1ticas de tareas, KPI\u2019s. Desarrollado en una arquitectura Modelo Vista Controlador (MVC), con Java SDK 6, Faces de servidor y Hibernate para persistencia de base de datos.<\/li>\n<\/ul>\n<div>&nbsp;<\/div>\n<p><strong>ELEKTRA: Retail<\/strong><br><strong>Puesto<\/strong>: Gerente de Desarrollo de C\u00f3digo Abierto (2002 &#8211; 2008)<br><strong>Ubicaci\u00f3n<\/strong>: Tlalpan, M\u00e9xico<\/p>\n<p><strong>Descripci\u00f3n del Rol<\/strong>:<\/p>\n<ul>\n<li>Coordinaci\u00f3n y planificaci\u00f3n del tiempo de desarrollo.<\/li>\n<li>Dise\u00f1o de sistemas con tecnolog\u00edas de dise\u00f1o orientado a objetos y patrones.<\/li>\n<li>Supervisi\u00f3n y aplicaci\u00f3n de est\u00e1ndares de desarrollo con tecnolog\u00edas de c\u00f3digo abierto.<\/li>\n<\/ul>\n<div>&nbsp;<\/div>\n<p><strong>Logros<\/strong>:<\/p>\n<ul>\n<li>Desarrollo y despliegue del sistema de servicio (LAMPEKS) con tecnolog\u00eda de c\u00f3digo abierto y freeware, logrando un alto rendimiento y disponibilidad, y reduciendo costos en $4 millones de d\u00f3lares en comparaci\u00f3n con la implementaci\u00f3n de SAP.<\/li>\n<\/ul>\n<div>&nbsp;<\/div>\n<p><strong>PERI\u00d3DICO REFORMA: Tecnolog\u00eda de la informaci\u00f3n<\/strong><br><strong>Puesto<\/strong>: Ingeniero de Desarrollo (2002)<br><strong>Ubicaci\u00f3n<\/strong>: Av. M\u00e9xico Coyoac\u00e1n 40, Colonia Santa Cruz Atoyac, CDMX, M\u00e9xico<\/p>\n<p><strong>Descripci\u00f3n del Rol<\/strong>:<\/p>\n<ul>\n<li>Actualizaci\u00f3n de sistemas de SQL 6.5 a SQL 2000<\/li>\n<li>Optimizaci\u00f3n de c\u00f3digo ASP y desarrollo de nuevos portales<\/li>\n<\/ul>\n<div>&nbsp;<\/div>\n<p><strong>Logros<\/strong>:<\/p>\n<ul>\n<li>Introducci\u00f3n de nuevas tecnolog\u00edas como Java y PHP para el desarrollo web con alta eficiencia de rendimiento<\/li>\n<\/ul>\n<div>&nbsp;<\/div>\n<p><strong>Q NET S.A. DE C.V.: Software\/Internet<\/strong><br><strong>Puesto<\/strong>: Desarrollador Web (2001 &#8211; 2002)<br><strong>Ubicaci\u00f3n<\/strong>: Calle Puebla, Colonia Roma, CDMX, M\u00e9xico<\/p>\n<p><strong>Descripci\u00f3n del Rol<\/strong>:<\/p>\n<ul>\n<li>Dise\u00f1o de bases de datos en SQL Server 7.0<\/li>\n<li>Desarrollo de sistemas en 3 capas con Visual Basic y Clases Web<\/li>\n<li>Despliegue de portales en servidores Microsoft NT (4.0\/2000)<\/li>\n<\/ul>\n<div>&nbsp;<\/div>\n<p><strong>Logros<\/strong>:<\/p>\n<ul>\n<li>Introducci\u00f3n de XML y XSL para la comunicaci\u00f3n est\u00e1ndar entre sistemas<\/li>\n<li>Introducci\u00f3n del marco de trabajo .NET<\/li>\n<\/ul>\n<div>&nbsp;<\/div>\n<p><strong>CONSULTING &amp; SOLUTIONS: Consultor\u00eda<\/strong><br><strong>Puesto<\/strong>: Auditor de Sistemas (2000 &#8211; 2001)<br><strong>Ubicaci\u00f3n<\/strong>: Cuautitl\u00e1n, Estado de M\u00e9xico, M\u00e9xico<\/p>\n<p><strong>Descripci\u00f3n del Rol<\/strong>:<\/p>\n<ul>\n<li>An\u00e1lisis del \u00e1rea de sistemas de informaci\u00f3n de la empresa OCRA<\/li>\n<li>Definici\u00f3n de los mejores sistemas inform\u00e1ticos para cada puesto de trabajo<\/li>\n<\/ul>\n<div>&nbsp;<\/div>\n<h2><strong>Habilidades T\u00e9cnicas<\/strong><\/h2>\n<ul>\n<li><strong>Lenguajes de Programaci\u00f3n<\/strong>: JavaScript (Avanzado), PHP (Avanzado), JSP (Intermedio), ASPX (Avanzado), Visual Basic (Avanzado), HTML (Avanzado), XML (Avanzado), SQL (Avanzado), Java (Intermedio), json (intermedio)<\/li>\n<li><strong>Sistemas Operativos<\/strong>: Windows (Intermedio), Linux (Avanzado)<\/li>\n<li><strong>Gesti\u00f3n de Bases de Datos<\/strong>: Oracle (B\u00e1sico), MySQL (Avanzado), SQL Server (Intermedio)<\/li>\n<li><strong>Rob\u00f3tica<\/strong>: Fanuc M20iA-20M, M710iC50, P50B10L, ABB Robot IRB 4600, IRB 52<\/li>\n<li><strong>Software<\/strong>: RobotStudio, Shopfloor Editor, SAP, Robview 5<\/li>\n<\/ul>\n<div>&nbsp;<\/div>\n<h2><strong>Idiomas<\/strong><\/h2>\n<p><strong>Espa\u00f1ol<\/strong>: Nativo<br><strong>Ingl\u00e9s<\/strong>: Avanzado (800 puntos en el examen TOEIC)<br><strong>Franc\u00e9s<\/strong>: Comprensi\u00f3n b\u00e1sica en lectura y escucha<\/p>\n<h2><strong>Diplomas<\/strong><\/h2>\n<ol>\n<li>Administraci\u00f3n de Proyectos en Kryteria IT training &amp; mentoring (Project Management Institute)<\/li>\n<li>Certificaci\u00f3n en Fundamentos de COBIT en Kryteria IT training &amp; mentoring<\/li>\n<li>Certificado en CONTROL-M operador por Sistemas Avanzados de Informaci\u00f3n<\/li>\n<li>Diploma de Desarrollo de Componentes Web, Java EE 5 por ASTER<\/li>\n<li>Diploma de Desarrollo de Web Services, Java EE 5 por ASTER<\/li>\n<li>Criterios b\u00e1sicos para el dise\u00f1o de Centros de C\u00f3mputo por AMERIC A.C.<\/li>\n<li>LO816 Gesti\u00f3n de Mantenimiento, Fundamentos y Control por SAP M\u00e9xico<\/li>\n<li>Diploma de Programaci\u00f3n Avanzada en Java 6 por ASTER<\/li>\n<li>PLM315 Maintenance Processing: Operation certificado por SAP M\u00e9xico<\/li>\n<li>Implementing Business Logic with MDX in Microsoft SQL Server por Microsoft Corporation<\/li>\n<li>Designing and Implementing OLAP Solutions with Microsoft SQL Server por Microsoft Corporation<\/li>\n<li>Oracle Database 10G. Program with PL\/SQL por Oracle University<\/li>\n<li>D17216 Oracle Database 10G. Introduction to SQL Ed. 1 por Oracle University<\/li>\n<li>Oracle Forms Developer 10G. Build Internet Applications por Oracle University<\/li>\n<li>Taller personalizado uso y manejo de IBM Rational Software Architect por OKAM SOFT<\/li>\n<li>PLM300 Plant Maintenance por SAP M\u00e9xico<\/li>\n<li>PLM335 Service Processing por SAP M\u00e9xico<\/li>\n<li>LO110 Servicio al Cliente por SAP M\u00e9xico<\/li>\n<li>LO836 Service Processing: Controlling Functions por SAP M\u00e9xico<\/li>\n<li>LO805 Structuring Maintenance and S.O. por SAP M\u00e9xico<\/li>\n<\/ol>\t\t\t\t\t\t\t\t<\/div>\n\t\t\t\t<\/div>\n\t\t\t\t\t<\/div>\n\t\t<\/div>\n\t\t\t\t\t<\/div>\n\t\t<\/section>\n\t\t\t\t<\/div>\n\t\t","protected":false},"excerpt":{"rendered":"<p>Ing. Mario Gonz\u00e1lez Jim\u00e9nez Lugar de nacimiento:&nbsp;CDMX, M\u00e9xicoCorreo electr\u00f3nico: mario.gonzalez@rits.mx Educaci\u00f3n Licenciatura en Ingenier\u00eda en Sistemas Computacionales en ITESM \u2013 CEM (1996 \u2013 2000), M\u00e9xico Maestr\u00eda en Administraci\u00f3n de Empresas en UNAM (2012-2015), M\u00e9xico Certificado en Ethical Hacker Versi\u00f3n 7. (ver \u00faltima p\u00e1gina para otros diplomas) &nbsp; \u00c1reas de Experiencia Gesti\u00f3n de TI: +15 a\u00f1os&hellip;&nbsp;<a href=\"https:\/\/rits.mx\/index.php\/curriculo-mario-gonzalez-jimenez\/\" rel=\"bookmark\">Read More &raquo;<span class=\"screen-reader-text\">Curr\u00edculo Mario Gonz\u00e1lez Jim\u00e9nez<\/span><\/a><\/p>\n","protected":false},"author":1,"featured_media":0,"parent":0,"menu_order":0,"comment_status":"closed","ping_status":"closed","template":"page-templates\/template-pagebuilder-full-width.php","meta":{"neve_meta_sidebar":"","neve_meta_container":"","neve_meta_enable_content_width":"","neve_meta_content_width":0,"neve_meta_title_alignment":"","neve_meta_author_avatar":"","neve_post_elements_order":"","neve_meta_disable_header":"","neve_meta_disable_footer":"","neve_meta_disable_title":"","footnotes":""},"class_list":["post-982","page","type-page","status-publish","hentry"],"_links":{"self":[{"href":"https:\/\/rits.mx\/index.php\/wp-json\/wp\/v2\/pages\/982","targetHints":{"allow":["GET"]}}],"collection":[{"href":"https:\/\/rits.mx\/index.php\/wp-json\/wp\/v2\/pages"}],"about":[{"href":"https:\/\/rits.mx\/index.php\/wp-json\/wp\/v2\/types\/page"}],"author":[{"embeddable":true,"href":"https:\/\/rits.mx\/index.php\/wp-json\/wp\/v2\/users\/1"}],"replies":[{"embeddable":true,"href":"https:\/\/rits.mx\/index.php\/wp-json\/wp\/v2\/comments?post=982"}],"version-history":[{"count":16,"href":"https:\/\/rits.mx\/index.php\/wp-json\/wp\/v2\/pages\/982\/revisions"}],"predecessor-version":[{"id":1017,"href":"https:\/\/rits.mx\/index.php\/wp-json\/wp\/v2\/pages\/982\/revisions\/1017"}],"wp:attachment":[{"href":"https:\/\/rits.mx\/index.php\/wp-json\/wp\/v2\/media?parent=982"}],"curies":[{"name":"wp","href":"https:\/\/api.w.org\/{rel}","templated":true}]}}