{"id":965,"date":"2025-09-19T04:15:32","date_gmt":"2025-09-19T04:15:32","guid":{"rendered":"https:\/\/rits.mx\/?page_id=965"},"modified":"2025-09-26T22:18:34","modified_gmt":"2025-09-26T22:18:34","slug":"cv-mario-gonzalez-jimenez","status":"publish","type":"page","link":"https:\/\/rits.mx\/index.php\/en\/cv-mario-gonzalez-jimenez\/","title":{"rendered":"CV Mario Gonz\u00e1lez Jim\u00e9nez"},"content":{"rendered":"\t\t<div data-elementor-type=\"wp-page\" data-elementor-id=\"965\" class=\"elementor elementor-965\">\n\t\t\t\t\t\t<section class=\"elementor-section elementor-top-section elementor-element elementor-element-6524dd1 elementor-section-boxed elementor-section-height-default elementor-section-height-default\" data-id=\"6524dd1\" data-element_type=\"section\" data-e-type=\"section\">\n\t\t\t\t\t\t<div class=\"elementor-container elementor-column-gap-default\">\n\t\t\t\t\t<div class=\"elementor-column elementor-col-100 elementor-top-column elementor-element elementor-element-6db4e63\" data-id=\"6db4e63\" data-element_type=\"column\" data-e-type=\"column\">\n\t\t\t<div class=\"elementor-widget-wrap elementor-element-populated\">\n\t\t\t\t\t\t<div class=\"elementor-element elementor-element-456c8cc elementor-widget elementor-widget-heading\" data-id=\"456c8cc\" data-element_type=\"widget\" data-e-type=\"widget\" data-widget_type=\"heading.default\">\n\t\t\t\t<div class=\"elementor-widget-container\">\n\t\t\t\t\t<h2 class=\"elementor-heading-title elementor-size-default\">Mario Gonz\u00e1lez Jim\u00e9nez<\/h2>\t\t\t\t<\/div>\n\t\t\t\t<\/div>\n\t\t\t\t\t<\/div>\n\t\t<\/div>\n\t\t\t\t\t<\/div>\n\t\t<\/section>\n\t\t\t\t<section class=\"elementor-section elementor-top-section elementor-element elementor-element-d5eec3b elementor-section-boxed elementor-section-height-default elementor-section-height-default\" data-id=\"d5eec3b\" data-element_type=\"section\" data-e-type=\"section\">\n\t\t\t\t\t\t<div class=\"elementor-container elementor-column-gap-default\">\n\t\t\t\t\t<div class=\"elementor-column elementor-col-100 elementor-top-column elementor-element elementor-element-47eaefa\" data-id=\"47eaefa\" data-element_type=\"column\" data-e-type=\"column\">\n\t\t\t<div class=\"elementor-widget-wrap\">\n\t\t\t\t\t\t\t<\/div>\n\t\t<\/div>\n\t\t\t\t\t<\/div>\n\t\t<\/section>\n\t\t\t\t<section class=\"elementor-section elementor-top-section elementor-element elementor-element-4054992 elementor-section-boxed elementor-section-height-default elementor-section-height-default\" data-id=\"4054992\" data-element_type=\"section\" data-e-type=\"section\">\n\t\t\t\t\t\t<div class=\"elementor-container elementor-column-gap-default\">\n\t\t\t\t\t<div class=\"elementor-column elementor-col-100 elementor-top-column elementor-element elementor-element-f4364c4\" data-id=\"f4364c4\" data-element_type=\"column\" data-e-type=\"column\">\n\t\t\t<div class=\"elementor-widget-wrap elementor-element-populated\">\n\t\t\t\t\t\t<div class=\"elementor-element elementor-element-6ac6804 elementor-widget elementor-widget-text-editor\" data-id=\"6ac6804\" data-element_type=\"widget\" data-e-type=\"widget\" data-widget_type=\"text-editor.default\">\n\t\t\t\t<div class=\"elementor-widget-container\">\n\t\t\t\t\t\t\t\t\t<p><b>Place of birth<\/b>: CDMX, M\u00e9xico<br><strong>E-mail:<\/strong> <a href=\"mailto:mario.gonzalez@rits.mx\">mario.gonzalez@rits.mx<\/a><\/p>\n<h2>Education<\/h2>\n<ul>\n<li>S. Bachelor of Science in Computer System Engineering at ITESM \u2013 CEM (1996 \u2013 2000), M\u00e9xico<\/li>\n<li>B.A. Master Business Administrator at UNAM (2012-2015), M\u00e9xico<\/li>\n<li>Certified in Ethical Hacker Version 7. (see last page for other diplomas)<\/li>\n<\/ul>\n<div>&nbsp;<\/div>\n<h2>Experience areas<\/h2>\n<ul>\n<li>IT Management: +15 years<\/li>\n<li>Software Development: +10 years<\/li>\n<li>Robots and automation process: +10 years<\/li>\n<li>Programming PLC\/HMI Siemens with TIA Portal 16 to 18<\/li>\n<li>Programming PLC\/HMI Unitronics, all versions of Unilogic<\/li>\n<li>Robot configuration and trajectory for FANUC handling and Painting<\/li>\n<li>Robot configuration and trajectory for ABB handling and Painting<\/li>\n<\/ul>\n<div>&nbsp;<\/div>\n<h2>Professional experience<\/h2>\n<p><strong>PRST SARL:<\/strong>&nbsp; <strong>Automotive and Aerospace Industry<\/strong><br><strong>Position:<\/strong> Software and Robotics engineer, 2015 &#8211; Present)<br><strong>Location:<\/strong> 6 RUE, Denis Papin, Jouy Le Moutier, France<\/p>\n<p><strong>Role description:<\/strong><\/p>\n<ul>\n<li>Software setup on PLC and HMI screens<\/li>\n<li>Robotic process automation according to customer standards<\/li>\n<li>Configuration of electric and pneumatic devices and flow controls<\/li>\n<li>Software interfaces over legacy systems<\/li>\n<li>PLC programming with ladder instructions<\/li>\n<li>Programming of FANUC and ABB robots<\/li>\n<\/ul>\n<div>&nbsp;<\/div>\n<p><strong>Achievements:<\/strong><\/p>\n<ul>\n<li>Program and build of 4 functional cells for gluing parts on time.<\/li>\n<li>Coordinate and program a complex solution of 8 robots with 7 PLC and HMI to control the process of the customer by reducing the cost of implementation 3 to 1 and giving support on questions and remote training.<\/li>\n<li>Solved interaction issues with Chinese systems delivering parts over conveyor trolleys<\/li>\n<li>Customized a French system for a Mexican process.<\/li>\n<\/ul>\n<div>&nbsp;<\/div>\n<p><strong>Key Projects:<\/strong><\/p>\n<ul>\n<li><strong>FORVIA San Luis Potos\u00ed, M\u00e9xico:<\/strong> Painting line with 3 FANUC robots for handling, flaming, and painting<\/li>\n<li><strong>FORVIA Legnica, Poland:<\/strong> Painting line with 1 FANUC robot, 6 gear pumps, and 1 FANUC handling robot<\/li>\n<li><strong>FORVIA Gorzow, Poland:<\/strong> Painting line with 8 FANUC robots and 7 PLCs\/HMIs, including robots with CO2, flaming, painting, handling, and UV tools<\/li>\n<li><strong>FORVIA France:<\/strong> School paint line for testing new paints<\/li>\n<li><strong>FORVIA Kosice, Slovakia:<\/strong> 7 gluing cells with ABB painting robots<\/li>\n<li><strong>FORVIA Goiana, Brazil:<\/strong> 2 gluing cells with ABB painting robots and Keyence flowmeters<\/li>\n<li><strong>FORVIA Gorzow II, Poland:<\/strong> Gluing ABB robots with ITW technology<\/li>\n<li><strong>OP Mobility, Belgium:<\/strong> Protective and fire coating cell with ABB robot adapted with 2 WIWA spraying guns<\/li>\n<li><strong>OP Mobility, South Korea:<\/strong> Protective and fire coating cell with ABB robot and WIWA machines integrated with line processes<\/li>\n<li><strong>OP Mobility, France:<\/strong> Update of protective and fire coating with tracking systems and legacy systems<\/li>\n<\/ul>\n<div>&nbsp;<\/div>\n<p><strong>SEGUROS &amp; AFORE AZTECA: Financial services (insurance and pensions)<br><\/strong><strong>Position:<\/strong> Infrastructure, Monitoring, and Operations Manager (2013 \u2013 2015)<br><strong>Location:<\/strong> Tlalpan la Joya, M\u00e9xico<\/p>\n<p><strong>Role description:<\/strong><\/p>\n<ul>\n<li>The coordination and planning with an operation team of 11 members. Integrating the ITIL process for the day-to-day activities, with tools like ITOP and Nagios merged to do automatic tickets reporting and having all the configuration management and requirement tickets in one platform.<\/li>\n<\/ul>\n<div>&nbsp;<\/div>\n<p><strong>Achievements:<\/strong><\/p>\n<ul>\n<li>Saved over $300,000 dollars compared to the Microsoft System Center Solution with open-source implementation solutions<\/li>\n<li>Automated processes from requirement to solution, saving time in reports to high management<\/li>\n<\/ul>\n<div>&nbsp;<\/div>\n<p><strong>Elektra: Retail<\/strong><\/p>\n<p><strong>Position:<\/strong> Systems Project Manager (2008 \u2013 2013)<br><strong>Location:<\/strong> Tlalpan la Joya, M\u00e9xico<\/p>\n<p><strong>Role Description:<\/strong><\/p>\n<ul>\n<li>Coordinating and planning of the developer\u2019s time.<\/li>\n<li>Analyzing requirements through RUP (Rational Unified Process) and UML methodology.<\/li>\n<li>System design with object-oriented and pattern design technologies.<\/li>\n<li>Supervising and applying standards in diverse projects.<\/li>\n<\/ul>\n<div>&nbsp;<\/div>\n<p><strong>Achievements:<\/strong><\/p>\n<p>Implement the new service system (LPK) with features like automatic task assignments, KPI\u2019s. Developed in a model View Controller (MVC) Architecture, with Java SDK 6, server Faces and Hibernate for database persistence.<\/p>\n<p><strong>ELEKTRA: Retail<br><\/strong><strong>Position:<\/strong> Open-Source Development Manager (2002 &#8211; 2008)<br><strong>Location:<\/strong> Tlalpan, M\u00e9xico<\/p>\n<p><strong>Role Description:<\/strong><\/p>\n<ul>\n<li>Coordination and planning of the development time.<\/li>\n<li>System design with object-oriented and pattern design technologies.<\/li>\n<li>Supervising and engaging development standards with open-source technologies.<\/li>\n<\/ul>\n<div>&nbsp;<\/div>\n<p><strong>Achievements:<\/strong><\/p>\n<ul>\n<li>Developed and deployed the service system (LAMPEKS) with open-source and freeware technology, achieving high performance and availability, and reducing costs by $4 million dollars compared to SAP implementation<\/li>\n<\/ul>\n<div>&nbsp;<\/div>\n<p><strong>PERI\u00d3DICO REFORMA:<\/strong> &nbsp;&nbsp;<strong>Information technology<br><\/strong><strong>Position:<\/strong>&nbsp;Software Development Engineer (2002)<br><strong>Location:<\/strong> Av. M\u00e9xico Coyoac\u00e1n 40, Colonia Santa Cruz Atoyac, CDMX, M\u00e9xico<\/p>\n<p><strong>Role Description:<\/strong><\/p>\n<ul>\n<li>Upgraded systems from SQL 6.5 to SQL 2000<\/li>\n<li>Optimized ASP code and developed new portals<\/li>\n<\/ul>\n<div>&nbsp;<\/div>\n<p><strong>Achievements:<\/strong><\/p>\n<ul>\n<li>Introduced new technologies like Java and PHP for web development with high performance efficiency<\/li>\n<\/ul>\n<p><strong>&nbsp;<\/strong><\/p>\n<p><strong>Q NET S.A. DE C.V.:<\/strong> <strong>Software\/ Internet<\/strong><\/p>\n<p><strong>Position:<\/strong> Web Developer (2001 &#8211; 2002)<br><strong>Location:<\/strong> Calle Puebla, Colonia Roma, CDMX, M\u00e9xico<\/p>\n<p><strong>Role Description:<\/strong><\/p>\n<ul>\n<li>Designed databases in SQL Server 7.0<\/li>\n<li>Developed systems in 3 tiers with Visual Basic and Web Classes<\/li>\n<li>Deployed portals on Microsoft NT (4.0\/2000) servers<\/li>\n<\/ul>\n<div><br><\/div>\n<p><strong>Achievements:<\/strong><\/p>\n<ul>\n<li>Introduced XML and XSL for standard communication between systems<\/li>\n<li>Introduced the .NET framework<\/li>\n<\/ul>\n<div>&nbsp;<\/div>\n<p><strong>CONSULTING &amp; SOLUTIONS:<\/strong> <strong>&nbsp;Consulting<br><\/strong><strong>Position:<\/strong> Systems Auditor (2000 &#8211; 2001)<br><strong>Location:<\/strong> Cuautitl\u00e1n, Estado de M\u00e9xico, M\u00e9xico<\/p>\n<p><strong>Role Description:<\/strong><\/p>\n<ul>\n<li>Analyzed the information system area of OCRA company<\/li>\n<li>Defined the best computer systems for each job role<\/li>\n<\/ul>\n<div>&nbsp;<\/div>\n<h2>Technical Skills<\/h2>\n<ul>\n<li><strong>Programming Languages:<\/strong> JavaScript (Advanced), PHP (Advanced), JSP (Intermediate), ASP (Advanced), Visual Basic (Advanced), HTML (Advanced), XML (Advanced), SQL (Advanced), Java (Intermediate)<\/li>\n<li><strong>Operating Systems:<\/strong> Windows (Intermediate), Linux (Advanced)<\/li>\n<li><strong>Database Management:<\/strong> Oracle (Basic), MySQL (Advanced), SQL Server (Intermediate)<\/li>\n<li><strong>Robotics:<\/strong> Fanuc M20iA-20M, M710iC50, P50B10L, ABB Robot IRB 4600, IRB 52<\/li>\n<li><strong>Software:<\/strong> RobotStudio, Shopfloor Editor, SAP, Robview 5<\/li>\n<\/ul>\n<div>&nbsp;<\/div>\n<h2>Languages<\/h2>\n<ul>\n<li><strong>Spanish:<\/strong> Native<\/li>\n<li><strong>English:<\/strong> Advanced (800 points in TOEIC exam)<\/li>\n<li><strong>French:<\/strong> Basic comprehension in reading and listening<\/li>\n<\/ul>\n<div>&nbsp;<\/div>\n<div>\n<h2 style=\"font-size: 50px; font-weight: 600; font-family: Poppins, Arial, Helvetica, sans-serif; color: #272626; line-height: 1.2; letter-spacing: normal; text-transform: none;\">Diplomas<\/h2>\n<p>1. Project Management by Kryteria IT training &amp; mentoring (Project Management Institute)<\/p>\n<p>2. Certified in COBIT Fundaments by Kryteria IT training &amp; mentoring<\/p>\n<p>3. Certified in CONTROL-M Operator by Sistemas Avanzados de Informaci\u00f3n<\/p>\n<p>4. Diploma in development of Web Components, Java EE 5 by ASTER<\/p>\n<p>5. Diploma in development of Web Services, Java EE 5 by ASTER<\/p>\n<p>6. Basic criteria for Computer Centers design by AMERIC A.C.<\/p>\n<p>7. LO816 Management maintenance and Control by SAP M\u00e9xico<\/p>\n<p>8. Diploma in advance programming Java 6 by ASTER<\/p>\n<p>9. PLM315 Maintenance Processing: Operation certified by SAP M\u00e9xico<\/p>\n<p>10. Implementing Business Logic with MDX in Microsoft SQL Server by Microsoft Corporation<\/p>\n<p>11. Designing and Implementing OLAP Solutions with Microsoft SQL Server by Microsoft Corporation<\/p>\n<p>12. Oracle Database 10G. Program with PL\/SQL by Oracle University<\/p>\n<p>13. D17216 Oracle Database 10G. Introduction to SQL Ed. 1 by Oracle University<\/p>\n<p>14. Oracle Forms Developer 10G. Build Internet Applications by Oracle University<\/p>\n<p>15. IBM Rational Software Architect by OKAM SOFT<\/p>\n<p>16. PLM300 Plant Maintenance by SAP M\u00e9xico<\/p>\n<p>17. PLM335 Service Processing by SAP M\u00e9xico<\/p>\n<p>18. LO110 Customer Service by SAP M\u00e9xico<\/p>\n<p>19. LO836 Service Processing: Controlling Functions by SAP M\u00e9xico<\/p>\n<p>20. LO805 Structuring Maintenance and S.O. by SAP M\u00e9xico<\/p>\n<\/div>\t\t\t\t\t\t\t\t<\/div>\n\t\t\t\t<\/div>\n\t\t\t\t\t<\/div>\n\t\t<\/div>\n\t\t\t\t\t<\/div>\n\t\t<\/section>\n\t\t\t\t<\/div>\n\t\t","protected":false},"excerpt":{"rendered":"<p>Mario Gonz\u00e1lez Jim\u00e9nez Place of birth: CDMX, M\u00e9xicoE-mail: mario.gonzalez@rits.mx Education S. Bachelor of Science in Computer System Engineering at ITESM \u2013 CEM (1996 \u2013 2000), M\u00e9xico B.A. Master Business Administrator at UNAM (2012-2015), M\u00e9xico Certified in Ethical Hacker Version 7. (see last page for other diplomas) &nbsp; Experience areas IT Management: +15 years Software Development:&hellip;&nbsp;<a href=\"https:\/\/rits.mx\/index.php\/en\/cv-mario-gonzalez-jimenez\/\" rel=\"bookmark\">Read More &raquo;<span class=\"screen-reader-text\">CV Mario Gonz\u00e1lez Jim\u00e9nez<\/span><\/a><\/p>\n","protected":false},"author":1,"featured_media":0,"parent":0,"menu_order":0,"comment_status":"closed","ping_status":"closed","template":"page-templates\/template-pagebuilder-full-width.php","meta":{"neve_meta_sidebar":"","neve_meta_container":"","neve_meta_enable_content_width":"","neve_meta_content_width":0,"neve_meta_title_alignment":"","neve_meta_author_avatar":"","neve_post_elements_order":"","neve_meta_disable_header":"","neve_meta_disable_footer":"","neve_meta_disable_title":"","footnotes":""},"class_list":["post-965","page","type-page","status-publish","hentry"],"_links":{"self":[{"href":"https:\/\/rits.mx\/index.php\/wp-json\/wp\/v2\/pages\/965","targetHints":{"allow":["GET"]}}],"collection":[{"href":"https:\/\/rits.mx\/index.php\/wp-json\/wp\/v2\/pages"}],"about":[{"href":"https:\/\/rits.mx\/index.php\/wp-json\/wp\/v2\/types\/page"}],"author":[{"embeddable":true,"href":"https:\/\/rits.mx\/index.php\/wp-json\/wp\/v2\/users\/1"}],"replies":[{"embeddable":true,"href":"https:\/\/rits.mx\/index.php\/wp-json\/wp\/v2\/comments?post=965"}],"version-history":[{"count":37,"href":"https:\/\/rits.mx\/index.php\/wp-json\/wp\/v2\/pages\/965\/revisions"}],"predecessor-version":[{"id":1031,"href":"https:\/\/rits.mx\/index.php\/wp-json\/wp\/v2\/pages\/965\/revisions\/1031"}],"wp:attachment":[{"href":"https:\/\/rits.mx\/index.php\/wp-json\/wp\/v2\/media?parent=965"}],"curies":[{"name":"wp","href":"https:\/\/api.w.org\/{rel}","templated":true}]}}